{"id":135,"date":"2023-12-18T15:50:33","date_gmt":"2023-12-18T20:50:33","guid":{"rendered":"http:\/\/fournierindustries.com\/?page_id=135"},"modified":"2024-04-26T17:01:16","modified_gmt":"2024-04-26T21:01:16","slug":"protection-des-renseignements-personnels","status":"publish","type":"page","link":"https:\/\/fournierindustries.com\/fr\/protection-des-renseignements-personnels\/","title":{"rendered":"Protection des renseignements personnels"},"content":{"rendered":"\n<p class=\"has-text-align-center has-text-color has-link-color wp-elements-27d53a3388eee7aa61436639cc2cf0ee\" style=\"color:#007ad5\"><strong>Groupe Industries Fournier inc. (\u00ab l\u2019Entreprise \u00bb) reconna\u00eet l\u2019importance de la protection des renseignements personnels et se pr\u00e9occupe de la fa\u00e7on dont elle traite ces renseignements.<\/strong><\/p>\n\n\n\n<p class=\"has-text-align-center has-text-color has-link-color wp-elements-f75a9b8b7135b8b5b332eb2cd1240aca\" style=\"color:#007ad5\">Elle s\u2019engage donc \u00e0 ne recueillir, utiliser, communiquer et conserver que les renseignements personnels n\u00e9cessaires \u00e0 l\u2019exercice de ses activit\u00e9s et dans le cadre de ses affaires.<\/p>\n\n\n\n<p class=\"has-text-align-center has-text-color has-link-color wp-elements-87bb44ab8512150fc8bd19a03621c804\" style=\"color:#007ad5\">L\u2019Entreprise a adopt\u00e9 une politique sur la protection des renseignements personnels, l\u2019applique dans le cours de ses affaires, et a d\u00e9sign\u00e9 conform\u00e9ment \u00e0 la Loi sur la protection des renseignements personnels dans le secteur priv\u00e9 (la \u00ab LPRPSP \u00bb) une personne responsable de la protection des renseignements personnels et de la vie priv\u00e9e au sein de son entreprise. L\u2019identit\u00e9 et les coordonn\u00e9es de cette personne sont mentionn\u00e9es \u00e0 la fin de la pr\u00e9sente section.<\/p>\n","protected":false},"excerpt":{"rendered":"<p>Groupe Industries Fournier inc. (\u00ab l\u2019Entreprise \u00bb) reconna\u00eet l\u2019importance de la protection des renseignements personnels et se pr\u00e9occupe de la fa\u00e7on dont elle traite ces renseignements. Elle s\u2019engage donc \u00e0 ne recueillir, utiliser, communiquer et conserver que les renseignements personnels n\u00e9cessaires \u00e0 l\u2019exercice de ses activit\u00e9s et dans le cadre de ses affaires. L\u2019Entreprise a [&#8230;]<\/p>\n<p><a class=\"btn btn-secondary understrap-read-more-link\" href=\"https:\/\/fournierindustries.com\/fr\/protection-des-renseignements-personnels\/\">Read More&#8230;<span class=\"screen-reader-text\"> from Protection des renseignements personnels<\/span><\/a><\/p>\n","protected":false},"author":1,"featured_media":0,"parent":0,"menu_order":0,"comment_status":"closed","ping_status":"closed","template":"page-politique.php","meta":{"_acf_changed":false,"inline_featured_image":false,"footnotes":""},"class_list":["post-135","page","type-page","status-publish","hentry"],"acf":[],"aioseo_notices":[],"_links":{"self":[{"href":"https:\/\/fournierindustries.com\/fr\/wp-json\/wp\/v2\/pages\/135","targetHints":{"allow":["GET"]}}],"collection":[{"href":"https:\/\/fournierindustries.com\/fr\/wp-json\/wp\/v2\/pages"}],"about":[{"href":"https:\/\/fournierindustries.com\/fr\/wp-json\/wp\/v2\/types\/page"}],"author":[{"embeddable":true,"href":"https:\/\/fournierindustries.com\/fr\/wp-json\/wp\/v2\/users\/1"}],"replies":[{"embeddable":true,"href":"https:\/\/fournierindustries.com\/fr\/wp-json\/wp\/v2\/comments?post=135"}],"version-history":[{"count":16,"href":"https:\/\/fournierindustries.com\/fr\/wp-json\/wp\/v2\/pages\/135\/revisions"}],"predecessor-version":[{"id":1869,"href":"https:\/\/fournierindustries.com\/fr\/wp-json\/wp\/v2\/pages\/135\/revisions\/1869"}],"wp:attachment":[{"href":"https:\/\/fournierindustries.com\/fr\/wp-json\/wp\/v2\/media?parent=135"}],"curies":[{"name":"wp","href":"https:\/\/api.w.org\/{rel}","templated":true}]}}